{"id":74295,"date":"2019-03-14T16:09:39","date_gmt":"2019-03-14T15:09:39","guid":{"rendered":"https:\/\/expatconcierge.net\/servicios-soluciones\/familia-nie\/renovacion-del-nie-administrativo\/"},"modified":"2019-06-03T15:52:11","modified_gmt":"2019-06-03T14:52:11","slug":"renovacion-del-nie-administrativo","status":"publish","type":"page","link":"https:\/\/expatconcierge.net\/es\/servicios-soluciones\/sacar-nie\/renovacion-del-nie-administrativo\/","title":{"rendered":"Renovaci\u00f3n del NIE administrativo"},"content":{"rendered":"<div class=\"wpb-content-wrapper\"><p>[vc_row row_height_percent=\u00bb0&#8243; override_padding=\u00bbyes\u00bb h_padding=\u00bb2&#8243; top_padding=\u00bb3&#8243; bottom_padding=\u00bb3&#8243; back_color=\u00bbcolor-xsdn\u00bb back_image=\u00bb73127&#8243; parallax=\u00bbyes\u00bb overlay_color=\u00bbcolor-lxmt\u00bb overlay_alpha=\u00bb90&#8243; gutter_size=\u00bb4&#8243; column_width_percent=\u00bb100&#8243; shift_y=\u00bb0&#8243; z_index=\u00bb0&#8243; style=\u00bbinherited\u00bb row_name=\u00bbworks\u00bb][vc_column column_width_percent=\u00bb100&#8243; expand_height=\u00bbyes\u00bb override_padding=\u00bbyes\u00bb column_padding=\u00bb2&#8243; back_color=\u00bbcolor-xsdn\u00bb overlay_alpha=\u00bb100&#8243; gutter_size=\u00bb2&#8243; medium_width=\u00bb0&#8243; mobile_width=\u00bb0&#8243; shift_x=\u00bb0&#8243; shift_y=\u00bb0&#8243; shift_y_down=\u00bb0&#8243; z_index=\u00bb0&#8243; zoom_width=\u00bb0&#8243; zoom_height=\u00bb0&#8243; width=\u00bb2\/3&#8243;][vc_custom_heading heading_semantic=\u00bbh1&#8243; text_size=\u00bb\u00bb text_font=\u00bbfont-377884&#8243; text_weight=\u00bb800&#8243; text_transform=\u00bbuppercase\u00bb sub_lead=\u00bbyes\u00bb sub_reduced=\u00bbyes\u00bb text_align=\u00bbtext-center\u00bb text_serif=\u00bb\u00bb]Renovaci\u00f3n NIE administrativo[\/vc_custom_heading][vc_custom_heading heading_semantic=\u00bbh3&#8243; text_size=\u00bb\u00bb text_font=\u00bbfont-377884&#8243; text_weight=\u00bb600&#8243; separator=\u00bbyes\u00bb separator_color=\u00bbyes\u00bb sub_lead=\u00bbyes\u00bb sub_reduced=\u00bbyes\u00bb text_align=\u00bbtext-center\u00bb text_serif=\u00bb\u00bb subheading=\u00bbDESDE <b>161\u20ac<\/b> + IVA\u00bb]Ciudadanos europeos o del EEE[\/vc_custom_heading][vc_column_text]Este servicio solo est\u00e1 disponible para <b>las renovaciones de un NIE administrativo para obtener el NIE definitivo de residente (tarjeta verde de papel formato tarjeta bancaria).<\/b><\/p>\n<p><b>NIE<\/b>: concertar la cita, preparar los formularios y documentos necesarios, pagar la tasa.\u00a0Acompa\u00f1amiento el d\u00eda de la cita a la Comisar\u00eda de Polic\u00eda de Barcelona y obtenci\u00f3n del NIE.[\/vc_column_text][vc_empty_space empty_h=\u00bb1&#8243;][vc_tabs][vc_tab title=\u00bbDETALLES\u00bb tab_id=\u00bb1539787222-1-18&#8243;][vc_column_text]\u2713 Con acompa\u00f1amiento para el NIE;<br \/>\n\u2713 Con un l\u00edmite m\u00e1ximo de 3 citas en la Comisar\u00eda.<br \/>\n\u2713 Con desplazamiento de un asesor o asesora[\/vc_column_text][\/vc_tab][vc_tab title=\u00bbPLAZO MEDIO\u00bb tab_id=\u00bb1539787222-2-11&#8243;][vc_column_text]\u2713 Entre 10 d\u00edas y 3 semanas, con reserva de los documentos existentes y de la complejidad del caso.[\/vc_column_text][\/vc_tab][vc_tab title=\u00bbTIPO DE TARIFA\u00bb tab_id=\u00bb1539788866276-2-8&#8243;][vc_column_text]\u2713 Importe fijo para 1 persona<br \/>\n\u2713 Tasa de 12 \u20ac suplementaria<br \/>\n\u2713\u00a0Mensajer\u00eda: 7\u20ac adicionales si hay que enviar documentos[\/vc_column_text][\/vc_tab][\/vc_tabs][vc_empty_space empty_h=\u00bb1&#8243;][vc_row_inner row_inner_height_percent=\u00bb0&#8243; overlay_alpha=\u00bb50&#8243; equal_height=\u00bbyes\u00bb gutter_size=\u00bb2&#8243; shift_y=\u00bb0&#8243; z_index=\u00bb0&#8243;][vc_column_inner column_width_percent=\u00bb100&#8243; position_vertical=\u00bbmiddle\u00bb align_horizontal=\u00bbalign_center\u00bb override_padding=\u00bbyes\u00bb column_padding=\u00bb0&#8243; gutter_size=\u00bb3&#8243; overlay_alpha=\u00bb50&#8243; medium_width=\u00bb4&#8243; mobile_width=\u00bb4&#8243; shift_x=\u00bb0&#8243; shift_y=\u00bb0&#8243; shift_y_down=\u00bb0&#8243; z_index=\u00bb0&#8243; width=\u00bb1\/4&#8243;][vc_icon display=\u00bbinline\u00bb icon=\u00bbfa fa-hourglass3&#8243; icon_color=\u00bbaccent\u00bb size=\u00bbfa-3x\u00bb heading_semantic=\u00bbh4&#8243; text_size=\u00bbh6&#8243; text_font=\u00bbfont-762333&#8243; text_weight=\u00bb600&#8243; text_height=\u00bbfontheight-264796&#8243; text_space=\u00bbfontspace-995455&#8243; text_lead=\u00bbyes\u00bb text_reduced=\u00bbyes\u00bb title=\u00bbAHORRO DE TIEMPO\u00bb][\/vc_icon][\/vc_column_inner][vc_column_inner column_width_percent=\u00bb100&#8243; position_vertical=\u00bbmiddle\u00bb align_horizontal=\u00bbalign_center\u00bb override_padding=\u00bbyes\u00bb column_padding=\u00bb0&#8243; gutter_size=\u00bb0&#8243; overlay_alpha=\u00bb50&#8243; medium_width=\u00bb4&#8243; mobile_width=\u00bb4&#8243; shift_x=\u00bb0&#8243; shift_y=\u00bb0&#8243; shift_y_down=\u00bb0&#8243; z_index=\u00bb0&#8243; width=\u00bb1\/4&#8243;][vc_icon display=\u00bbinline\u00bb icon=\u00bbfa fa-magic-wand\u00bb icon_color=\u00bbaccent\u00bb size=\u00bbfa-3x\u00bb heading_semantic=\u00bbh4&#8243; text_size=\u00bbh6&#8243; text_font=\u00bbfont-762333&#8243; text_weight=\u00bb600&#8243; text_height=\u00bbfontheight-264796&#8243; text_space=\u00bbfontspace-995455&#8243; text_lead=\u00bbyes\u00bb text_reduced=\u00bbyes\u00bb title=\u00bbEFICACIA\u00bb][\/vc_icon][\/vc_column_inner][vc_column_inner column_width_percent=\u00bb100&#8243; position_vertical=\u00bbmiddle\u00bb align_horizontal=\u00bbalign_center\u00bb override_padding=\u00bbyes\u00bb column_padding=\u00bb0&#8243; gutter_size=\u00bb0&#8243; overlay_alpha=\u00bb50&#8243; medium_width=\u00bb4&#8243; mobile_width=\u00bb4&#8243; shift_x=\u00bb0&#8243; shift_y=\u00bb0&#8243; shift_y_down=\u00bb0&#8243; z_index=\u00bb0&#8243; width=\u00bb1\/4&#8243;][vc_icon display=\u00bbinline\u00bb icon=\u00bbfa fa-rocket2&#8243; icon_color=\u00bbaccent\u00bb size=\u00bbfa-3x\u00bb heading_semantic=\u00bbh4&#8243; text_size=\u00bbh6&#8243; text_font=\u00bbfont-762333&#8243; text_weight=\u00bb600&#8243; text_height=\u00bbfontheight-264796&#8243; text_space=\u00bbfontspace-995455&#8243; text_lead=\u00bbyes\u00bb text_reduced=\u00bbyes\u00bb title=\u00bbREACTIVIDAD\u00bb][\/vc_icon][\/vc_column_inner][vc_column_inner column_width_percent=\u00bb100&#8243; position_vertical=\u00bbmiddle\u00bb align_horizontal=\u00bbalign_center\u00bb override_padding=\u00bbyes\u00bb column_padding=\u00bb0&#8243; gutter_size=\u00bb0&#8243; overlay_alpha=\u00bb50&#8243; medium_width=\u00bb4&#8243; mobile_width=\u00bb4&#8243; shift_x=\u00bb0&#8243; shift_y=\u00bb0&#8243; shift_y_down=\u00bb0&#8243; z_index=\u00bb0&#8243; width=\u00bb1\/4&#8243;][vc_icon display=\u00bbinline\u00bb icon=\u00bbfa fa-smile\u00bb icon_color=\u00bbaccent\u00bb size=\u00bbfa-3x\u00bb heading_semantic=\u00bbh4&#8243; text_size=\u00bbh6&#8243; text_font=\u00bbfont-762333&#8243; text_weight=\u00bb600&#8243; text_height=\u00bbfontheight-194307&#8243; text_space=\u00bbfontspace-995455&#8243; text_lead=\u00bbyes\u00bb text_reduced=\u00bbyes\u00bb title=\u00bbSIN NINGUNA PREOCUPACI\u00d3N\u00bb][\/vc_icon][\/vc_column_inner][\/vc_row_inner][vc_empty_space empty_h=\u00bb1&#8243;][vc_row_inner row_inner_height_percent=\u00bb0&#8243; force_width_grid=\u00bbyes\u00bb overlay_alpha=\u00bb50&#8243; gutter_size=\u00bb3&#8243; shift_y=\u00bb0&#8243; z_index=\u00bb0&#8243;][vc_column_inner column_width_percent=\u00bb100&#8243; position_vertical=\u00bbmiddle\u00bb align_horizontal=\u00bbalign_center\u00bb override_padding=\u00bbyes\u00bb column_padding=\u00bb0&#8243; gutter_size=\u00bb3&#8243; overlay_alpha=\u00bb50&#8243; medium_width=\u00bb0&#8243; mobile_width=\u00bb0&#8243; shift_x=\u00bb0&#8243; shift_y=\u00bb0&#8243; shift_y_down=\u00bb0&#8243; z_index=\u00bb0&#8243; width=\u00bb1\/2&#8243;][vc_button button_color=\u00bbcolor-wvjs\u00bb radius=\u00bbbtn-round\u00bb wide=\u00bbyes\u00bb outline=\u00bbyes\u00bb border_width=\u00bb0&#8243; display=\u00bbinline\u00bb link=\u00bburl:https%3A%2F%2Fexpatconcierge.net%2Fes%2Fservicios-soluciones%2Ffamilia-nie%2F|title:Servicios%20%26%20Soluciones||\u00bb icon=\u00bbfa fa-arrow-back\u00bb]VER OTROS SERVICIOS[\/vc_button][\/vc_column_inner][vc_column_inner column_width_percent=\u00bb100&#8243; position_vertical=\u00bbmiddle\u00bb align_horizontal=\u00bbalign_center\u00bb override_padding=\u00bbyes\u00bb column_padding=\u00bb0&#8243; gutter_size=\u00bb3&#8243; overlay_alpha=\u00bb50&#8243; medium_width=\u00bb0&#8243; mobile_width=\u00bb0&#8243; shift_x=\u00bb0&#8243; shift_y=\u00bb0&#8243; shift_y_down=\u00bb0&#8243; z_index=\u00bb0&#8243; width=\u00bb1\/2&#8243;][vc_button button_color=\u00bbcolor-nhtu\u00bb radius=\u00bbbtn-round\u00bb wide=\u00bbyes\u00bb border_width=\u00bb0&#8243; display=\u00bbinline\u00bb link=\u00bb|||\u00bb icon=\u00bbfa fa-check\u00bb el_class=\u00bbcarta-calidad\u00bb]DECLARACI\u00d3N DE CALIDAD[\/vc_button][\/vc_column_inner][\/vc_row_inner][\/vc_column][vc_column column_width_percent=\u00bb100&#8243; align_horizontal=\u00bbalign_center\u00bb expand_height=\u00bbyes\u00bb override_padding=\u00bbyes\u00bb column_padding=\u00bb0&#8243; back_color=\u00bbcolor-xsdn\u00bb overlay_alpha=\u00bb50&#8243; gutter_size=\u00bb0&#8243; medium_width=\u00bb0&#8243; mobile_width=\u00bb0&#8243; shift_x=\u00bb0&#8243; shift_y=\u00bb0&#8243; shift_y_down=\u00bb0&#8243; z_index=\u00bb0&#8243; width=\u00bb1\/3&#8243;][vc_single_image media=\u00bb73083&#8243; media_width_percent=\u00bb100&#8243;][vc_empty_space empty_h=\u00bb3&#8243;][vc_single_image media=\u00bb79520&#8243; media_width_percent=\u00bb27&#8243; alignment=\u00bbcenter\u00bb][vc_empty_space empty_h=\u00bb1&#8243;][vc_custom_heading heading_semantic=\u00bbh3&#8243; text_size=\u00bbh3&#8243;]PEDIR AHORA[\/vc_custom_heading][vc_empty_space empty_h=\u00bb1&#8243;][vc_column_text text_lead=\u00bbyes\u00bb css=\u00bb.vc_custom_1559568504925{padding-top: 3px !important;padding-bottom: 3px !important;}\u00bb]<b>161\u20ac<\/b> + IVA[\/vc_column_text][vc_raw_html]JTNDYSUyMGhyZWYlM0QlMjIlMkZzZXJ2aWNlcyUyRm9idGVuaXItc29uLW5pZSUyRnJlbm91dmVsbGVtZW50LW5pZS1hZG1pbmlzdHJhdGlmJTJGJTNGYWRkLXRvLWNhcnQlM0Q3OTU1NSUyMiUyMGRhdGEtcXVhbnRpdHklM0QlMjIxJTIyJTIwY2xhc3MlM0QlMjJidXR0b24lMjBwcm9kdWN0X3R5cGVfc2ltcGxlJTIwYWRkX3RvX2NhcnRfYnV0dG9uJTIwYWpheF9hZGRfdG9fY2FydCUyMGFsdCUyMGJ0biUyMGJ0bi1kZWZhdWx0JTIyJTIwZGF0YS1wcm9kdWN0X2lkJTNEJTIyNzk1NTUlMjIlMjBkYXRhLXByb2R1Y3Rfc2t1JTNEJTIyJTIyJTIwYXJpYS1sYWJlbCUzRCUyMkFqb3V0ZXIlMjAlRTIlODAlOUNSZW5vdXZlbGxlbWVudCUyME5JRSUyMGFkbWluaXN0cmF0aWYlRTIlODAlOUQlMjAlQzMlQTAlMjB2b3RyZSUyMHBhbmllciUyMiUyMHJlbCUzRCUyMm5vZm9sbG93JTIyJTNFQSVDMyVCMWFkaXIlMjBhbCUyMGNhcnJpdG8lM0MlMkZhJTNF[\/vc_raw_html][vc_empty_space empty_h=\u00bb3&#8243;][vc_separator sep_color=\u00bbcolor-uydo\u00bb][vc_single_image media=\u00bb73074&#8243; media_width_percent=\u00bb100&#8243;][vc_empty_space empty_h=\u00bb3&#8243;][vc_single_image media=\u00bb73493&#8243; media_width_percent=\u00bb40&#8243; alignment=\u00bbcenter\u00bb][vc_empty_space empty_h=\u00bb1&#8243;][vc_custom_heading heading_semantic=\u00bbh3&#8243; text_size=\u00bbh3&#8243;]SOLICITUD DE<br \/>\nPRESUPUESTO[\/vc_custom_heading][vc_empty_space empty_h=\u00bb1&#8243;][vc_button button_color=\u00bbcolor-prif\u00bb border_width=\u00bb0&#8243; display=\u00bbinline\u00bb link=\u00bb|||\u00bb el_class=\u00bbpopmake-solicitud-presupuesto\u00bb]CONT\u00c1CTENOS[\/vc_button][vc_empty_space empty_h=\u00bb3&#8243;][\/vc_column][\/vc_row][vc_row row_height_percent=\u00bb0&#8243; override_padding=\u00bbyes\u00bb h_padding=\u00bb2&#8243; top_padding=\u00bb3&#8243; bottom_padding=\u00bb3&#8243; back_color=\u00bbcolor-lxmt\u00bb overlay_alpha=\u00bb50&#8243; gutter_size=\u00bb3&#8243; column_width_percent=\u00bb100&#8243; shift_y=\u00bb0&#8243; z_index=\u00bb0&#8243;][vc_column column_width_percent=\u00bb100&#8243; position_vertical=\u00bbmiddle\u00bb align_horizontal=\u00bbalign_center\u00bb overlay_alpha=\u00bb50&#8243; gutter_size=\u00bb3&#8243; medium_width=\u00bb0&#8243; mobile_width=\u00bb0&#8243; shift_x=\u00bb0&#8243; shift_y=\u00bb0&#8243; shift_y_down=\u00bb0&#8243; z_index=\u00bb0&#8243; width=\u00bb1\/1&#8243;][vc_custom_heading text_size=\u00bb\u00bb text_font=\u00bbfont-377884&#8243; text_weight=\u00bb900&#8243; text_transform=\u00bbuppercase\u00bb separator=\u00bbyes\u00bb separator_color=\u00bbyes\u00bb sub_lead=\u00bbyes\u00bb sub_reduced=\u00bbyes\u00bb text_align=\u00bbtext-center\u00bb text_serif=\u00bb\u00bb]M\u00c1S INFORMACI\u00d3N[\/vc_custom_heading][uncode_index el_id=\u00bbindex-158101&#8243; index_type=\u00bbcarousel\u00bb loop=\u00bbsize:3|order_by:date|post_type:post|categories:109,101&#8243; index_back_color=\u00bbcolor-gyho\u00bb carousel_lg=\u00bb3&#8243; carousel_md=\u00bb3&#8243; carousel_sm=\u00bb1&#8243; thumb_size=\u00bbtwentyone-nine\u00bb gutter_size=\u00bb1&#8243; post_items=\u00bbmedia|featured|onpost|original,title,category|yesbg,text|full|140,spacer|half,link|default\u00bb carousel_height=\u00bbequal\u00bb carousel_interval=\u00bb0&#8243; carousel_navspeed=\u00bb400&#8243; stage_padding=\u00bb0&#8243; single_back_color=\u00bbcolor-xsdn\u00bb single_overlay_color=\u00bbcolor-wayh\u00bb single_overlay_opacity=\u00bb50&#8243; single_image_anim=\u00bbno\u00bb single_h_align=\u00bbcenter\u00bb single_h_align_mobile=\u00bbcenter\u00bb single_padding=\u00bb2&#8243; single_title_dimension=\u00bbh4&#8243; single_title_semantic=\u00bbh4&#8243; single_title_weight=\u00bb700&#8243; single_border=\u00bbyes\u00bb single_css_animation=\u00bbzoom-in\u00bb single_animation_delay=\u00bb200&#8243; single_icon=\u00bbfa fa-plus\u00bb][vc_empty_space empty_h=\u00bb2&#8243;][vc_custom_heading text_size=\u00bb\u00bb text_font=\u00bbfont-377884&#8243; text_weight=\u00bb900&#8243; text_transform=\u00bbuppercase\u00bb separator=\u00bbyes\u00bb separator_color=\u00bbyes\u00bb sub_lead=\u00bbyes\u00bb sub_reduced=\u00bbyes\u00bb text_align=\u00bbtext-center\u00bb text_serif=\u00bb\u00bb]\u00a1YA SE HAN DEJADO AYUDAR![\/vc_custom_heading][vc_column_text]<div class=\"strong-view strong-view-id-2 modern wpmtst-modern slider-container slider-mode-horizontal slider-adaptive controls-style-buttons nav-position-outside\" data-count=0 data-slider-var=strong_slider_id_2 data-state=idle><div class=\"strong-content wpmslider-content\"><\/div><\/div>[\/vc_column_text][\/vc_column][\/vc_row]<\/p>\n<\/div>","protected":false},"excerpt":{"rendered":"<p>[vc_row row_height_percent=\u00bb0&#8243; override_padding=\u00bbyes\u00bb h_padding=\u00bb2&#8243; top_padding=\u00bb3&#8243; bottom_padding=\u00bb3&#8243; back_color=\u00bbcolor-xsdn\u00bb back_image=\u00bb73127&#8243; parallax=\u00bbyes\u00bb overlay_color=\u00bbcolor-lxmt\u00bb overlay_alpha=\u00bb90&#8243; gutter_size=\u00bb4&#8243; column_width_percent=\u00bb100&#8243; shift_y=\u00bb0&#8243; z_index=\u00bb0&#8243; style=\u00bbinherited\u00bb row_name=\u00bbworks\u00bb][vc_column column_width_percent=\u00bb100&#8243; expand_height=\u00bbyes\u00bb override_padding=\u00bbyes\u00bb [&hellip;]<\/p>\n","protected":false},"author":1,"featured_media":0,"parent":74254,"menu_order":0,"comment_status":"closed","ping_status":"closed","template":"","meta":{"footnotes":""},"yoast_head":"<!-- This site is optimized with the Yoast SEO plugin v23.0 - https:\/\/yoast.com\/wordpress\/plugins\/seo\/ -->\n<title>PLUG &amp; PLAY Barcelone | Renovaci\u00f3n del NIE administrativo<\/title>\n<meta name=\"robots\" content=\"index, follow, max-snippet:-1, max-image-preview:large, max-video-preview:-1\" \/>\n<link rel=\"canonical\" href=\"https:\/\/expatconcierge.net\/es\/servicios-soluciones\/sacar-nie\/renovacion-del-nie-administrativo\/\" \/>\n<meta property=\"og:locale\" content=\"es_ES\" \/>\n<meta property=\"og:type\" content=\"article\" \/>\n<meta property=\"og:title\" content=\"PLUG &amp; PLAY Barcelone | Renovaci\u00f3n del NIE administrativo\" \/>\n<meta property=\"og:description\" content=\"[vc_row row_height_percent=\u00bb0&#8243; override_padding=\u00bbyes\u00bb h_padding=\u00bb2&#8243; top_padding=\u00bb3&#8243; bottom_padding=\u00bb3&#8243; back_color=\u00bbcolor-xsdn\u00bb back_image=\u00bb73127&#8243; parallax=\u00bbyes\u00bb overlay_color=\u00bbcolor-lxmt\u00bb overlay_alpha=\u00bb90&#8243; gutter_size=\u00bb4&#8243; column_width_percent=\u00bb100&#8243; shift_y=\u00bb0&#8243; z_index=\u00bb0&#8243; style=\u00bbinherited\u00bb row_name=\u00bbworks\u00bb][vc_column column_width_percent=\u00bb100&#8243; expand_height=\u00bbyes\u00bb override_padding=\u00bbyes\u00bb [&hellip;]\" \/>\n<meta property=\"og:url\" content=\"https:\/\/expatconcierge.net\/es\/servicios-soluciones\/sacar-nie\/renovacion-del-nie-administrativo\/\" \/>\n<meta property=\"og:site_name\" content=\"PLUG &amp; PLAY Barcelone\" \/>\n<meta property=\"article:modified_time\" content=\"2019-06-03T14:52:11+00:00\" \/>\n<meta name=\"twitter:card\" content=\"summary_large_image\" \/>\n<meta name=\"twitter:label1\" content=\"Tiempo de lectura\" \/>\n\t<meta name=\"twitter:data1\" content=\"7 minutos\" \/>\n<script type=\"application\/ld+json\" class=\"yoast-schema-graph\">{\"@context\":\"https:\/\/schema.org\",\"@graph\":[{\"@type\":\"WebPage\",\"@id\":\"https:\/\/expatconcierge.net\/es\/servicios-soluciones\/sacar-nie\/renovacion-del-nie-administrativo\/\",\"url\":\"https:\/\/expatconcierge.net\/es\/servicios-soluciones\/sacar-nie\/renovacion-del-nie-administrativo\/\",\"name\":\"PLUG &amp; PLAY Barcelone | Renovaci\u00f3n del NIE administrativo\",\"isPartOf\":{\"@id\":\"https:\/\/expatconcierge.net\/es\/#website\"},\"datePublished\":\"2019-03-14T15:09:39+00:00\",\"dateModified\":\"2019-06-03T14:52:11+00:00\",\"breadcrumb\":{\"@id\":\"https:\/\/expatconcierge.net\/es\/servicios-soluciones\/sacar-nie\/renovacion-del-nie-administrativo\/#breadcrumb\"},\"inLanguage\":\"es\",\"potentialAction\":[{\"@type\":\"ReadAction\",\"target\":[\"https:\/\/expatconcierge.net\/es\/servicios-soluciones\/sacar-nie\/renovacion-del-nie-administrativo\/\"]}]},{\"@type\":\"BreadcrumbList\",\"@id\":\"https:\/\/expatconcierge.net\/es\/servicios-soluciones\/sacar-nie\/renovacion-del-nie-administrativo\/#breadcrumb\",\"itemListElement\":[{\"@type\":\"ListItem\",\"position\":1,\"name\":\"Accueil\",\"item\":\"https:\/\/expatconcierge.net\/es\/\"},{\"@type\":\"ListItem\",\"position\":2,\"name\":\"Servicios &#038; Soluciones\",\"item\":\"https:\/\/expatconcierge.net\/es\/servicios-soluciones\/\"},{\"@type\":\"ListItem\",\"position\":3,\"name\":\"Sacar el NIE\",\"item\":\"https:\/\/expatconcierge.net\/es\/servicios-soluciones\/sacar-nie\/\"},{\"@type\":\"ListItem\",\"position\":4,\"name\":\"Renovaci\u00f3n del NIE administrativo\"}]},{\"@type\":\"WebSite\",\"@id\":\"https:\/\/expatconcierge.net\/es\/#website\",\"url\":\"https:\/\/expatconcierge.net\/es\/\",\"name\":\"PLUG &amp; PLAY Barcelone\",\"description\":\"Expat Concierge\",\"potentialAction\":[{\"@type\":\"SearchAction\",\"target\":{\"@type\":\"EntryPoint\",\"urlTemplate\":\"https:\/\/expatconcierge.net\/es\/?s={search_term_string}\"},\"query-input\":\"required name=search_term_string\"}],\"inLanguage\":\"es\"}]}<\/script>\n<!-- \/ Yoast SEO plugin. -->","yoast_head_json":{"title":"PLUG &amp; PLAY Barcelone | Renovaci\u00f3n del NIE administrativo","robots":{"index":"index","follow":"follow","max-snippet":"max-snippet:-1","max-image-preview":"max-image-preview:large","max-video-preview":"max-video-preview:-1"},"canonical":"https:\/\/expatconcierge.net\/es\/servicios-soluciones\/sacar-nie\/renovacion-del-nie-administrativo\/","og_locale":"es_ES","og_type":"article","og_title":"PLUG &amp; PLAY Barcelone | Renovaci\u00f3n del NIE administrativo","og_description":"[vc_row row_height_percent=\u00bb0&#8243; override_padding=\u00bbyes\u00bb h_padding=\u00bb2&#8243; top_padding=\u00bb3&#8243; bottom_padding=\u00bb3&#8243; back_color=\u00bbcolor-xsdn\u00bb back_image=\u00bb73127&#8243; parallax=\u00bbyes\u00bb overlay_color=\u00bbcolor-lxmt\u00bb overlay_alpha=\u00bb90&#8243; gutter_size=\u00bb4&#8243; column_width_percent=\u00bb100&#8243; shift_y=\u00bb0&#8243; z_index=\u00bb0&#8243; style=\u00bbinherited\u00bb row_name=\u00bbworks\u00bb][vc_column column_width_percent=\u00bb100&#8243; expand_height=\u00bbyes\u00bb override_padding=\u00bbyes\u00bb [&hellip;]","og_url":"https:\/\/expatconcierge.net\/es\/servicios-soluciones\/sacar-nie\/renovacion-del-nie-administrativo\/","og_site_name":"PLUG &amp; PLAY Barcelone","article_modified_time":"2019-06-03T14:52:11+00:00","twitter_card":"summary_large_image","twitter_misc":{"Tiempo de lectura":"7 minutos"},"schema":{"@context":"https:\/\/schema.org","@graph":[{"@type":"WebPage","@id":"https:\/\/expatconcierge.net\/es\/servicios-soluciones\/sacar-nie\/renovacion-del-nie-administrativo\/","url":"https:\/\/expatconcierge.net\/es\/servicios-soluciones\/sacar-nie\/renovacion-del-nie-administrativo\/","name":"PLUG &amp; PLAY Barcelone | Renovaci\u00f3n del NIE administrativo","isPartOf":{"@id":"https:\/\/expatconcierge.net\/es\/#website"},"datePublished":"2019-03-14T15:09:39+00:00","dateModified":"2019-06-03T14:52:11+00:00","breadcrumb":{"@id":"https:\/\/expatconcierge.net\/es\/servicios-soluciones\/sacar-nie\/renovacion-del-nie-administrativo\/#breadcrumb"},"inLanguage":"es","potentialAction":[{"@type":"ReadAction","target":["https:\/\/expatconcierge.net\/es\/servicios-soluciones\/sacar-nie\/renovacion-del-nie-administrativo\/"]}]},{"@type":"BreadcrumbList","@id":"https:\/\/expatconcierge.net\/es\/servicios-soluciones\/sacar-nie\/renovacion-del-nie-administrativo\/#breadcrumb","itemListElement":[{"@type":"ListItem","position":1,"name":"Accueil","item":"https:\/\/expatconcierge.net\/es\/"},{"@type":"ListItem","position":2,"name":"Servicios &#038; Soluciones","item":"https:\/\/expatconcierge.net\/es\/servicios-soluciones\/"},{"@type":"ListItem","position":3,"name":"Sacar el NIE","item":"https:\/\/expatconcierge.net\/es\/servicios-soluciones\/sacar-nie\/"},{"@type":"ListItem","position":4,"name":"Renovaci\u00f3n del NIE administrativo"}]},{"@type":"WebSite","@id":"https:\/\/expatconcierge.net\/es\/#website","url":"https:\/\/expatconcierge.net\/es\/","name":"PLUG &amp; PLAY Barcelone","description":"Expat Concierge","potentialAction":[{"@type":"SearchAction","target":{"@type":"EntryPoint","urlTemplate":"https:\/\/expatconcierge.net\/es\/?s={search_term_string}"},"query-input":"required name=search_term_string"}],"inLanguage":"es"}]}},"_links":{"self":[{"href":"https:\/\/expatconcierge.net\/es\/wp-json\/wp\/v2\/pages\/74295"}],"collection":[{"href":"https:\/\/expatconcierge.net\/es\/wp-json\/wp\/v2\/pages"}],"about":[{"href":"https:\/\/expatconcierge.net\/es\/wp-json\/wp\/v2\/types\/page"}],"author":[{"embeddable":true,"href":"https:\/\/expatconcierge.net\/es\/wp-json\/wp\/v2\/users\/1"}],"replies":[{"embeddable":true,"href":"https:\/\/expatconcierge.net\/es\/wp-json\/wp\/v2\/comments?post=74295"}],"version-history":[{"count":0,"href":"https:\/\/expatconcierge.net\/es\/wp-json\/wp\/v2\/pages\/74295\/revisions"}],"up":[{"embeddable":true,"href":"https:\/\/expatconcierge.net\/es\/wp-json\/wp\/v2\/pages\/74254"}],"wp:attachment":[{"href":"https:\/\/expatconcierge.net\/es\/wp-json\/wp\/v2\/media?parent=74295"}],"curies":[{"name":"wp","href":"https:\/\/api.w.org\/{rel}","templated":true}]}}