{"id":74216,"date":"2019-03-13T22:02:14","date_gmt":"2019-03-13T21:02:14","guid":{"rendered":"https:\/\/expatconcierge.net\/noticias\/"},"modified":"2019-03-14T20:50:59","modified_gmt":"2019-03-14T19:50:59","slug":"noticias","status":"publish","type":"page","link":"https:\/\/expatconcierge.net\/es\/noticias\/","title":{"rendered":"Noticias"},"content":{"rendered":"<div class=\"wpb-content-wrapper\"><p>[vc_row row_height_percent=\u00bb0&#8243; override_padding=\u00bbyes\u00bb h_padding=\u00bb2&#8243; top_padding=\u00bb5&#8243; bottom_padding=\u00bb5&#8243; back_image=\u00bb73247&#8243; back_repeat=\u00bbno-repeat\u00bb back_position=\u00bbcenter bottom\u00bb parallax=\u00bbyes\u00bb overlay_color=\u00bbcolor-jevc\u00bb overlay_alpha=\u00bb50&#8243; equal_height=\u00bbyes\u00bb gutter_size=\u00bb0&#8243; column_width_percent=\u00bb100&#8243; shift_y=\u00bb0&#8243; z_index=\u00bb0&#8243; style=\u00bbinherited\u00bb row_height_pixel=\u00bb120&#8243;][vc_column column_width_use_pixel=\u00bbyes\u00bb align_horizontal=\u00bbalign_center\u00bb style=\u00bbdark\u00bb overlay_alpha=\u00bb100&#8243; gutter_size=\u00bb0&#8243; medium_width=\u00bb0&#8243; mobile_width=\u00bb0&#8243; shift_x=\u00bb0&#8243; shift_y=\u00bb0&#8243; shift_y_fixed=\u00bbyes\u00bb shift_y_down=\u00bb0&#8243; z_index=\u00bb0&#8243; zoom_width=\u00bb0&#8243; zoom_height=\u00bb0&#8243; width=\u00bb1\/1&#8243; column_width_pixel=\u00bb1000&#8243;][vc_custom_heading heading_semantic=\u00bbh1&#8243; text_size=\u00bb\u00bb text_font=\u00bbfont-377884&#8243; text_weight=\u00bb900&#8243; text_transform=\u00bbuppercase\u00bb sub_lead=\u00bbyes\u00bb sub_reduced=\u00bbyes\u00bb text_align=\u00bbtext-center\u00bb text_serif=\u00bb\u00bb subheading=\u00bbLa vida pr\u00e1ctica es nuestro credo. Los procedimientos y consejos son nuestra filosof\u00eda. Como en todas partes, la expatriaci\u00f3n en Barcelona, en Catalunya o Espa\u00f1a conlleva muchas sorpresas.\u00bb]NOTICIAS &amp; INFORMACI\u00d3N PR\u00c1CTICA[\/vc_custom_heading][\/vc_column][\/vc_row][vc_row row_height_percent=\u00bb0&#8243; override_padding=\u00bbyes\u00bb h_padding=\u00bb2&#8243; top_padding=\u00bb4&#8243; bottom_padding=\u00bb4&#8243; back_color=\u00bbcolor-lxmt\u00bb overlay_alpha=\u00bb85&#8243; equal_height=\u00bbyes\u00bb gutter_size=\u00bb100&#8243; column_width_percent=\u00bb100&#8243; shift_y=\u00bb0&#8243; z_index=\u00bb0&#8243; style=\u00bbinherited\u00bb][vc_column column_width_percent=\u00bb100&#8243; position_vertical=\u00bbmiddle\u00bb align_horizontal=\u00bbalign_center\u00bb override_padding=\u00bbyes\u00bb column_padding=\u00bb0&#8243; overlay_alpha=\u00bb50&#8243; gutter_size=\u00bb4&#8243; medium_width=\u00bb0&#8243; mobile_width=\u00bb0&#8243; shift_x=\u00bb0&#8243; shift_y=\u00bb0&#8243; shift_y_down=\u00bb0&#8243; z_index=\u00bb0&#8243; width=\u00bb1\/1&#8243;][uncode_index el_id=\u00bbindex-1311827771&#8243; loop=\u00bbsize:100|order_by:date|order:DESC|post_type:post\u00bb filtering=\u00bbyes\u00bb filtering_position=\u00bbcenter\u00bb filtering_uppercase=\u00bbyes\u00bb pagination=\u00bbyes\u00bb gutter_size=\u00bb2&#8243; post_items=\u00bbmedia|media|onpost|original,title,category|nobg,text|full|120,spacer|half,link|default\u00bb page_items=\u00bbtitle,media,text,category\u00bb product_items=\u00bbtitle,media,text,category,price\u00bb portfolio_items=\u00bbtitle,media,text,category\u00bb screen_lg=\u00bb1000&#8243; screen_md=\u00bb600&#8243; screen_sm=\u00bb480&#8243; single_width=\u00bb3&#8243; images_size=\u00bbsixteen-nine\u00bb single_back_color=\u00bbcolor-xsdn\u00bb single_overlay_opacity=\u00bb50&#8243; single_h_align=\u00bbcenter\u00bb single_padding=\u00bb2&#8243; single_title_dimension=\u00bbh4&#8243; single_shadow=\u00bbyes\u00bb single_half_padding=\u00bb\u00bb single_title_uppercase=\u00bb\u00bb single_title_bold=\u00bbyes\u00bb single_title_serif=\u00bb\u00bb single_title_divider=\u00bb\u00bb single_no_background=\u00bb\u00bb items=\u00bbeyI0MjU2X2kiOnsic2luZ2xlX3ZfcG9zaXRpb24iOiIiLCJzaW5nbGVfcmVkdWNlZCI6IiIsInNpbmdsZV9lbGVtZW50c19jbGljayI6Im5vIiwic2luZ2xlX25vX2JhY2tncm91bmQiOiJubyJ9LCIyMDUxOF9pIjp7ImltYWdlc19zaXplIjoib25lLW9uZSJ9fQ==\u00bb footer_position=\u00bbleft\u00bb carousel_rtl=\u00bb\u00bb single_icon=\u00bbfa fa-plus2&#8243; filtering_transform=\u00bbuppercase\u00bb order_ids=\u00bb20528,20520,20518,4193,4225,4636,4229,4629,4254,4252,4247,4245,4243,4241,4239,4237,4262,4231,4233&#8243;][\/vc_column][\/vc_row]<\/p>\n<\/div>","protected":false},"excerpt":{"rendered":"<p>[vc_row row_height_percent=\u00bb0&#8243; override_padding=\u00bbyes\u00bb h_padding=\u00bb2&#8243; top_padding=\u00bb5&#8243; bottom_padding=\u00bb5&#8243; back_image=\u00bb73247&#8243; back_repeat=\u00bbno-repeat\u00bb back_position=\u00bbcenter bottom\u00bb parallax=\u00bbyes\u00bb overlay_color=\u00bbcolor-jevc\u00bb overlay_alpha=\u00bb50&#8243; equal_height=\u00bbyes\u00bb gutter_size=\u00bb0&#8243; column_width_percent=\u00bb100&#8243; shift_y=\u00bb0&#8243; z_index=\u00bb0&#8243; style=\u00bbinherited\u00bb row_height_pixel=\u00bb120&#8243;][vc_column [&hellip;]<\/p>\n","protected":false},"author":1,"featured_media":0,"parent":0,"menu_order":0,"comment_status":"open","ping_status":"closed","template":"","meta":{"footnotes":""},"yoast_head":"<!-- This site is optimized with the Yoast SEO plugin v23.0 - https:\/\/yoast.com\/wordpress\/plugins\/seo\/ -->\n<title>Noticias y novedades | Consejos para una instalaci\u00f3n exitosa en Barcelona<\/title>\n<meta name=\"description\" content=\"Todos los consejos y sugerencias para una expatriaci\u00f3n e instalaci\u00f3n exitosa en Espa\u00f1a gracias a las noticias de Plug&amp;Play Barcelona.\" \/>\n<meta name=\"robots\" content=\"index, follow, max-snippet:-1, max-image-preview:large, max-video-preview:-1\" \/>\n<link rel=\"canonical\" href=\"https:\/\/expatconcierge.net\/es\/noticias\/\" \/>\n<meta property=\"og:locale\" content=\"es_ES\" \/>\n<meta property=\"og:type\" content=\"article\" \/>\n<meta property=\"og:title\" content=\"Noticias y novedades | Consejos para una instalaci\u00f3n exitosa en Barcelona\" \/>\n<meta property=\"og:description\" content=\"Todos los consejos y sugerencias para una expatriaci\u00f3n e instalaci\u00f3n exitosa en Espa\u00f1a gracias a las noticias de Plug&amp;Play Barcelona.\" \/>\n<meta property=\"og:url\" content=\"https:\/\/expatconcierge.net\/es\/noticias\/\" \/>\n<meta property=\"og:site_name\" content=\"PLUG &amp; PLAY Barcelone\" \/>\n<meta property=\"article:modified_time\" content=\"2019-03-14T19:50:59+00:00\" \/>\n<meta name=\"twitter:card\" content=\"summary_large_image\" \/>\n<meta name=\"twitter:label1\" content=\"Tiempo de lectura\" \/>\n\t<meta name=\"twitter:data1\" content=\"2 minutos\" \/>\n<script type=\"application\/ld+json\" class=\"yoast-schema-graph\">{\"@context\":\"https:\/\/schema.org\",\"@graph\":[{\"@type\":\"WebPage\",\"@id\":\"https:\/\/expatconcierge.net\/es\/noticias\/\",\"url\":\"https:\/\/expatconcierge.net\/es\/noticias\/\",\"name\":\"Noticias y novedades | Consejos para una instalaci\u00f3n exitosa en Barcelona\",\"isPartOf\":{\"@id\":\"https:\/\/expatconcierge.net\/es\/#website\"},\"datePublished\":\"2019-03-13T21:02:14+00:00\",\"dateModified\":\"2019-03-14T19:50:59+00:00\",\"description\":\"Todos los consejos y sugerencias para una expatriaci\u00f3n e instalaci\u00f3n exitosa en Espa\u00f1a gracias a las noticias de Plug&Play Barcelona.\",\"breadcrumb\":{\"@id\":\"https:\/\/expatconcierge.net\/es\/noticias\/#breadcrumb\"},\"inLanguage\":\"es\",\"potentialAction\":[{\"@type\":\"ReadAction\",\"target\":[\"https:\/\/expatconcierge.net\/es\/noticias\/\"]}]},{\"@type\":\"BreadcrumbList\",\"@id\":\"https:\/\/expatconcierge.net\/es\/noticias\/#breadcrumb\",\"itemListElement\":[{\"@type\":\"ListItem\",\"position\":1,\"name\":\"Accueil\",\"item\":\"https:\/\/expatconcierge.net\/es\/\"},{\"@type\":\"ListItem\",\"position\":2,\"name\":\"Noticias\"}]},{\"@type\":\"WebSite\",\"@id\":\"https:\/\/expatconcierge.net\/es\/#website\",\"url\":\"https:\/\/expatconcierge.net\/es\/\",\"name\":\"PLUG &amp; PLAY Barcelone\",\"description\":\"Expat Concierge\",\"potentialAction\":[{\"@type\":\"SearchAction\",\"target\":{\"@type\":\"EntryPoint\",\"urlTemplate\":\"https:\/\/expatconcierge.net\/es\/?s={search_term_string}\"},\"query-input\":\"required name=search_term_string\"}],\"inLanguage\":\"es\"}]}<\/script>\n<!-- \/ Yoast SEO plugin. -->","yoast_head_json":{"title":"Noticias y novedades | Consejos para una instalaci\u00f3n exitosa en Barcelona","description":"Todos los consejos y sugerencias para una expatriaci\u00f3n e instalaci\u00f3n exitosa en Espa\u00f1a gracias a las noticias de Plug&Play Barcelona.","robots":{"index":"index","follow":"follow","max-snippet":"max-snippet:-1","max-image-preview":"max-image-preview:large","max-video-preview":"max-video-preview:-1"},"canonical":"https:\/\/expatconcierge.net\/es\/noticias\/","og_locale":"es_ES","og_type":"article","og_title":"Noticias y novedades | Consejos para una instalaci\u00f3n exitosa en Barcelona","og_description":"Todos los consejos y sugerencias para una expatriaci\u00f3n e instalaci\u00f3n exitosa en Espa\u00f1a gracias a las noticias de Plug&Play Barcelona.","og_url":"https:\/\/expatconcierge.net\/es\/noticias\/","og_site_name":"PLUG &amp; PLAY Barcelone","article_modified_time":"2019-03-14T19:50:59+00:00","twitter_card":"summary_large_image","twitter_misc":{"Tiempo de lectura":"2 minutos"},"schema":{"@context":"https:\/\/schema.org","@graph":[{"@type":"WebPage","@id":"https:\/\/expatconcierge.net\/es\/noticias\/","url":"https:\/\/expatconcierge.net\/es\/noticias\/","name":"Noticias y novedades | Consejos para una instalaci\u00f3n exitosa en Barcelona","isPartOf":{"@id":"https:\/\/expatconcierge.net\/es\/#website"},"datePublished":"2019-03-13T21:02:14+00:00","dateModified":"2019-03-14T19:50:59+00:00","description":"Todos los consejos y sugerencias para una expatriaci\u00f3n e instalaci\u00f3n exitosa en Espa\u00f1a gracias a las noticias de Plug&Play Barcelona.","breadcrumb":{"@id":"https:\/\/expatconcierge.net\/es\/noticias\/#breadcrumb"},"inLanguage":"es","potentialAction":[{"@type":"ReadAction","target":["https:\/\/expatconcierge.net\/es\/noticias\/"]}]},{"@type":"BreadcrumbList","@id":"https:\/\/expatconcierge.net\/es\/noticias\/#breadcrumb","itemListElement":[{"@type":"ListItem","position":1,"name":"Accueil","item":"https:\/\/expatconcierge.net\/es\/"},{"@type":"ListItem","position":2,"name":"Noticias"}]},{"@type":"WebSite","@id":"https:\/\/expatconcierge.net\/es\/#website","url":"https:\/\/expatconcierge.net\/es\/","name":"PLUG &amp; PLAY Barcelone","description":"Expat Concierge","potentialAction":[{"@type":"SearchAction","target":{"@type":"EntryPoint","urlTemplate":"https:\/\/expatconcierge.net\/es\/?s={search_term_string}"},"query-input":"required name=search_term_string"}],"inLanguage":"es"}]}},"_links":{"self":[{"href":"https:\/\/expatconcierge.net\/es\/wp-json\/wp\/v2\/pages\/74216"}],"collection":[{"href":"https:\/\/expatconcierge.net\/es\/wp-json\/wp\/v2\/pages"}],"about":[{"href":"https:\/\/expatconcierge.net\/es\/wp-json\/wp\/v2\/types\/page"}],"author":[{"embeddable":true,"href":"https:\/\/expatconcierge.net\/es\/wp-json\/wp\/v2\/users\/1"}],"replies":[{"embeddable":true,"href":"https:\/\/expatconcierge.net\/es\/wp-json\/wp\/v2\/comments?post=74216"}],"version-history":[{"count":0,"href":"https:\/\/expatconcierge.net\/es\/wp-json\/wp\/v2\/pages\/74216\/revisions"}],"wp:attachment":[{"href":"https:\/\/expatconcierge.net\/es\/wp-json\/wp\/v2\/media?parent=74216"}],"curies":[{"name":"wp","href":"https:\/\/api.w.org\/{rel}","templated":true}]}}