{"id":74205,"date":"2019-03-13T21:35:36","date_gmt":"2019-03-13T20:35:36","guid":{"rendered":"https:\/\/expatconcierge.net\/contacto\/"},"modified":"2019-12-07T19:11:29","modified_gmt":"2019-12-07T18:11:29","slug":"contacto","status":"publish","type":"page","link":"https:\/\/expatconcierge.net\/es\/contacto\/","title":{"rendered":"Contacto"},"content":{"rendered":"<div class=\"wpb-content-wrapper\"><p>[vc_row row_height_percent=\u00bb0&#8243; override_padding=\u00bbyes\u00bb h_padding=\u00bb2&#8243; top_padding=\u00bb5&#8243; bottom_padding=\u00bb7&#8243; back_image=\u00bb72320&#8243; back_repeat=\u00bbno-repeat\u00bb back_position=\u00bbcenter center\u00bb parallax=\u00bbyes\u00bb overlay_color=\u00bbcolor-jevc\u00bb overlay_alpha=\u00bb50&#8243; equal_height=\u00bbyes\u00bb gutter_size=\u00bb0&#8243; column_width_percent=\u00bb100&#8243; shift_y=\u00bb0&#8243; z_index=\u00bb0&#8243; style=\u00bbinherited\u00bb row_height_pixel=\u00bb120&#8243;][vc_column column_width_use_pixel=\u00bbyes\u00bb align_horizontal=\u00bbalign_center\u00bb gutter_size=\u00bb0&#8243; style=\u00bbdark\u00bb overlay_alpha=\u00bb100&#8243; shift_x=\u00bb0&#8243; shift_y=\u00bb0&#8243; shift_y_fixed=\u00bbyes\u00bb shift_y_down=\u00bb0&#8243; z_index=\u00bb0&#8243; medium_width=\u00bb0&#8243; mobile_width=\u00bb0&#8243; zoom_width=\u00bb0&#8243; zoom_height=\u00bb0&#8243; width=\u00bb1\/1&#8243; column_width_pixel=\u00bb1000&#8243;][vc_custom_heading heading_semantic=\u00bbh1&#8243; text_font=\u00bbfont-377884&#8243; text_size=\u00bb\u00bb text_weight=\u00bb900&#8243; text_transform=\u00bbuppercase\u00bb sub_lead=\u00bbyes\u00bb sub_reduced=\u00bbyes\u00bb text_align=\u00bbtext-center\u00bb text_serif=\u00bb\u00bb]\u00bfQU\u00c9 NECESITA?[\/vc_custom_heading][\/vc_column][\/vc_row][vc_row row_height_percent=\u00bb0&#8243; override_padding=\u00bbyes\u00bb h_padding=\u00bb2&#8243; top_padding=\u00bb2&#8243; bottom_padding=\u00bb4&#8243; back_color=\u00bbcolor-lxmt\u00bb overlay_alpha=\u00bb100&#8243; gutter_size=\u00bb100&#8243; column_width_percent=\u00bb100&#8243; shift_y=\u00bb-5&#8243; z_index=\u00bb0&#8243; style=\u00bbinherited\u00bb][vc_column column_width_use_pixel=\u00bbyes\u00bb align_horizontal=\u00bbalign_center\u00bb gutter_size=\u00bb4&#8243; overlay_alpha=\u00bb100&#8243; shift_x=\u00bb0&#8243; shift_y=\u00bb0&#8243; shift_y_down=\u00bb0&#8243; z_index=\u00bb0&#8243; medium_width=\u00bb100&#8243; mobile_width=\u00bb0&#8243; zoom_width=\u00bb0&#8243; zoom_height=\u00bb0&#8243; width=\u00bb1\/1&#8243; column_width_pixel=\u00bb1080&#8243;][vc_row_inner row_inner_height_percent=\u00bb0&#8243; back_color=\u00bbcolor-xsdn\u00bb overlay_alpha=\u00bb50&#8243; gutter_size=\u00bb3&#8243; shift_y=\u00bb0&#8243; z_index=\u00bb0&#8243;][vc_column_inner column_width_percent=\u00bb100&#8243; position_vertical=\u00bbmiddle\u00bb align_horizontal=\u00bbalign_center\u00bb gutter_size=\u00bb3&#8243; override_padding=\u00bbyes\u00bb column_padding=\u00bb3&#8243; overlay_alpha=\u00bb50&#8243; shift_x=\u00bb0&#8243; shift_y=\u00bb0&#8243; shift_y_down=\u00bb0&#8243; z_index=\u00bb0&#8243; medium_width=\u00bb0&#8243; mobile_width=\u00bb0&#8243; width=\u00bb1\/1&#8243;][vc_custom_heading heading_semantic=\u00bbh1&#8243; text_font=\u00bbfont-377884&#8243; text_size=\u00bb\u00bb text_weight=\u00bb900&#8243; text_transform=\u00bbuppercase\u00bb sub_lead=\u00bbyes\u00bb sub_reduced=\u00bbyes\u00bb text_align=\u00bbtext-center\u00bb text_serif=\u00bb\u00bb subheading=\u00bbPrimer paso para resolver su problema: \u00a1cont\u00e1ctenos! Descr\u00edbanos qu\u00e9 necesita, con precisi\u00f3n, ayud\u00e1ndose si es necesario con anexos y le responderemos antes de 48 horas.\u00bb][\/vc_custom_heading]\n<div class=\"wpcf7 no-js\" id=\"wpcf7-f74210-o1\" lang=\"es-ES\" dir=\"ltr\">\n<div class=\"screen-reader-response\"><p role=\"status\" aria-live=\"polite\" aria-atomic=\"true\"><\/p> <ul><\/ul><\/div>\n<form action=\"\/es\/wp-json\/wp\/v2\/pages\/74205#wpcf7-f74210-o1\" method=\"post\" class=\"wpcf7-form init\" aria-label=\"Formulario de contacto\" enctype=\"multipart\/form-data\" novalidate=\"novalidate\" data-status=\"init\">\n<div style=\"display: none;\">\n<input type=\"hidden\" name=\"_wpcf7\" value=\"74210\" \/>\n<input type=\"hidden\" name=\"_wpcf7_version\" value=\"5.9.6\" \/>\n<input type=\"hidden\" name=\"_wpcf7_locale\" value=\"es_ES\" \/>\n<input type=\"hidden\" name=\"_wpcf7_unit_tag\" value=\"wpcf7-f74210-o1\" \/>\n<input type=\"hidden\" name=\"_wpcf7_container_post\" value=\"0\" \/>\n<input type=\"hidden\" name=\"_wpcf7_posted_data_hash\" value=\"\" \/>\n<\/div>\n<div class=\"wpcf7-inline-wrapper\">\n\t<p class=\"wpcf7-inline-field\"><span class=\"wpcf7-form-control-wrap\" data-name=\"your-surname\"><input size=\"40\" maxlength=\"80\" class=\"wpcf7-form-control wpcf7-text wpcf7-validates-as-required\" aria-required=\"true\" aria-invalid=\"false\" placeholder=\"Nombre*\" value=\"\" type=\"text\" name=\"your-surname\" \/><\/span>\n\t<\/p>\n\t<p class=\"wpcf7-inline-field\"><span class=\"wpcf7-form-control-wrap\" data-name=\"your-fullname\"><input size=\"40\" maxlength=\"80\" class=\"wpcf7-form-control wpcf7-text wpcf7-validates-as-required\" aria-required=\"true\" aria-invalid=\"false\" placeholder=\"Apellidos*\" value=\"\" type=\"text\" name=\"your-fullname\" \/><\/span>\n\t<\/p>\n<\/div>\n<div class=\"wpcf7-inline-wrapper\">\n\t<p class=\"wpcf7-inline-field\"><span class=\"wpcf7-form-control-wrap\" data-name=\"your-email\"><input size=\"40\" maxlength=\"80\" class=\"wpcf7-form-control wpcf7-email wpcf7-validates-as-required wpcf7-text wpcf7-validates-as-email\" aria-required=\"true\" aria-invalid=\"false\" placeholder=\"Email*\" value=\"\" type=\"email\" name=\"your-email\" \/><\/span>\n\t<\/p>\n\t<p class=\"wpcf7-inline-field\"><span class=\"wpcf7-form-control-wrap\" data-name=\"your-telephone\"><input size=\"40\" maxlength=\"80\" class=\"wpcf7-form-control wpcf7-tel wpcf7-validates-as-required wpcf7-text wpcf7-validates-as-tel\" aria-required=\"true\" aria-invalid=\"false\" placeholder=\"Tel\u00e9fono*\" value=\"\" type=\"tel\" name=\"your-telephone\" \/><\/span>\n\t<\/p>\n<\/div>\n<p>Seleccione el tema de su solicitud:\n<\/p>\n<p><span class=\"wpcf7-form-control-wrap\" data-name=\"menu-68\"><select class=\"wpcf7-form-control wpcf7-select wpcf7-validates-as-required\" aria-required=\"true\" aria-invalid=\"false\" name=\"menu-68\"><option value=\"Sacar el NIE\">Sacar el NIE<\/option><option value=\"Delegar sus tr\u00e1mites\">Delegar sus tr\u00e1mites<\/option><option value=\"Trabajar\">Trabajar<\/option><option value=\"Conducir con tranquilidad\">Conducir con tranquilidad<\/option><option value=\"Organizar su salud\">Organizar su salud<\/option><option value=\"Estar bien en su vivienda\">Estar bien en su vivienda<\/option><option value=\"Mudarse sin estress\">Mudarse sin estress<\/option><option value=\"Office Management\">Office Management<\/option><option value=\"Asistencia Personal\">Asistencia Personal<\/option><option value=\"Otros\">Otros<\/option><\/select><\/span>\n<\/p>\n<p><span class=\"wpcf7-form-control-wrap\" data-name=\"your-message\"><textarea cols=\"40\" rows=\"6\" maxlength=\"400\" class=\"wpcf7-form-control wpcf7-textarea wpcf7-validates-as-required\" aria-required=\"true\" aria-invalid=\"false\" placeholder=\"Descr\u00edbanos con precisi\u00f3n su necesidad*\" name=\"your-message\"><\/textarea><\/span>\n<\/p>\n<p><span class=\"wpcf7-form-control-wrap\" data-name=\"file-553\"><input size=\"40\" class=\"wpcf7-form-control wpcf7-file\" accept=\".jpg,.jpeg,.pdf,.doc,.docx,.ppt,.pptx,.odt\" aria-invalid=\"false\" type=\"file\" name=\"file-553\" \/><\/span><br \/>\n<hr size=5 width=20% align=left \/>\n<\/p>\n<p><!-- Mailchimp for WordPress v4.9.13 - https:\/\/www.mc4wp.com\/ --><input type=\"hidden\" name=\"_mc4wp_subscribe_contact-form-7\" value=\"0\" \/><span class=\"mc4wp-checkbox mc4wp-checkbox-contact-form-7 \" ><label><input type=\"checkbox\" name=\"_mc4wp_subscribe_contact-form-7\" value=\"1\"  \/><span>Suscr\u00edbase gratis a las noticias de la vida pr\u00e1ctica de Plug&Play y <strong>reciba 10\u20ac por su primer pedido!<\/strong><\/span><\/label><\/span><!-- \/ Mailchimp for WordPress -->\n<\/p>\n<p><span class=\"wpcf7-form-control-wrap kc_captcha\" data-name=\"kc_captcha\"><span class=\"wpcf7-form-control wpcf7-radio\"><span class=\"captcha-image\" ><span class=\"cf7ic_instructions\">Por favor, prueba que eres humano seleccionando el<span> taza<\/span>.<\/span><label><input type=\"radio\" name=\"kc_captcha\" value=\"bot\" \/><svg width=\"50\" height=\"50\" aria-hidden=\"true\" role=\"img\" xmlns=\"http:\/\/www.w3.org\/2000\/svg\" viewBox=\"0 0 576 512\"><path fill=\"currentColor\" d=\"M415 24c-53 0-103 42-127 65-24-23-74-65-127-65C70 24 16 77 16 166c0 72 67 133 69 135l187 181c9 8 23 8 32 0l187-180c2-3 69-64 69-136 0-89-54-142-145-142z\"\/><\/svg><\/label><label><input type=\"radio\" name=\"kc_captcha\" value=\"kc_human\" \/><svg width=\"50\" height=\"50\" aria-hidden=\"true\" role=\"img\" xmlns=\"http:\/\/www.w3.org\/2000\/svg\" viewBox=\"0 0 640 512\"><path fill=\"currentColor\" d=\"M192 384h192c53 0 96-43 96-96h32a128 128 0 000-256H120c-13 0-24 11-24 24v232c0 53 43 96 96 96zM512 96a64 64 0 010 128h-32V96h32zm48 384H48c-47 0-61-64-36-64h584c25 0 11 64-36 64z\"\/><\/svg><\/label><label><input type=\"radio\" name=\"kc_captcha\" value=\"bot\" \/><svg width=\"50\" height=\"50\" aria-hidden=\"true\" role=\"img\" xmlns=\"http:\/\/www.w3.org\/2000\/svg\" viewBox=\"0 0 576 512\"><path fill=\"currentColor\" d=\"M472 200H360L256 6a12 12 0 00-10-6h-58c-8 0-14 7-12 15l34 185H100l-35-58a12 12 0 00-10-6H12c-8 0-13 7-12 14l21 106L0 362c-1 7 4 14 12 14h43c4 0 8-2 10-6l35-58h110l-34 185c-2 8 4 15 12 15h58a12 12 0 0010-6l104-194h112c57 0 104-25 104-56s-47-56-104-56z\"\/><\/svg><\/label>\r\n    <\/span>\r\n    <span style=\"display:none\">\r\n        <input type=\"text\" name=\"kc_honeypot\">\r\n    <\/span><\/span><\/span>\n<\/p>\n<p><input class=\"wpcf7-form-control wpcf7-submit has-spinner btn btn-accent btn-circle\" type=\"submit\" value=\"ENVIAR\" \/>\n<\/p><input type='hidden' class='wpcf7-pum' value='{\"closepopup\":false,\"closedelay\":0,\"openpopup\":false,\"openpopup_id\":0}' \/><div class=\"wpcf7-response-output\" aria-hidden=\"true\"><\/div>\n<\/form>\n<\/div>\n[\/vc_column_inner][\/vc_row_inner][\/vc_column][\/vc_row][vc_row unlock_row_content=\u00bbyes\u00bb row_height_percent=\u00bb60&#8243; override_padding=\u00bbyes\u00bb h_padding=\u00bb0&#8243; top_padding=\u00bb0&#8243; bottom_padding=\u00bb0&#8243; overlay_alpha=\u00bb100&#8243; gutter_size=\u00bb3&#8243; shift_y=\u00bb0&#8243;][vc_column column_width_percent=\u00bb100&#8243; position_horizontal=\u00bbleft\u00bb gutter_size=\u00bb3&#8243; expand_height=\u00bbyes\u00bb overlay_alpha=\u00bb100&#8243; shift_x=\u00bb0&#8243; shift_y=\u00bb0&#8243; medium_width=\u00bb0&#8243; zoom_width=\u00bb0&#8243; zoom_height=\u00bb0&#8243; width=\u00bb1\/1&#8243; mobile_height=\u00bb250&#8243;][vc_gmaps map_color=\u00bbaccent\u00bb ui_color=\u00bbcolor-rgdb\u00bb zoom=\u00bb15&#8243; map_saturation=\u00bb-100&#8243; map_brightness=\u00bb0&#8243; latlon=\u00bb41.3945502, 2.1549227&#8243;][\/vc_column][\/vc_row][vc_row row_height_percent=\u00bb0&#8243; override_padding=\u00bbyes\u00bb h_padding=\u00bb2&#8243; top_padding=\u00bb0&#8243; bottom_padding=\u00bb0&#8243; back_color=\u00bbcolor-rgdb\u00bb overlay_alpha=\u00bb0&#8243; equal_height=\u00bbyes\u00bb gutter_size=\u00bb3&#8243; column_width_percent=\u00bb100&#8243; shift_y=\u00bb0&#8243; z_index=\u00bb0&#8243; style=\u00bbinherited\u00bb][vc_column column_width_percent=\u00bb100&#8243; align_horizontal=\u00bbalign_center\u00bb gutter_size=\u00bb0&#8243; overlay_alpha=\u00bb100&#8243; shift_x=\u00bb0&#8243; shift_y=\u00bb-4&#8243; shift_y_fixed=\u00bbyes\u00bb shift_y_down=\u00bb0&#8243; z_index=\u00bb0&#8243; medium_width=\u00bb0&#8243; mobile_width=\u00bb0&#8243; zoom_width=\u00bb0&#8243; zoom_height=\u00bb0&#8243; width=\u00bb1\/1&#8243;][vc_row_inner row_inner_height_percent=\u00bb0&#8243; back_color=\u00bbcolor-gyho\u00bb overlay_alpha=\u00bb100&#8243; equal_height=\u00bbyes\u00bb gutter_size=\u00bb1&#8243; shift_y=\u00bb0&#8243; style=\u00bbinherited\u00bb][vc_column_inner column_width_percent=\u00bb100&#8243; align_horizontal=\u00bbalign_center\u00bb gutter_size=\u00bb2&#8243; override_padding=\u00bbyes\u00bb column_padding=\u00bb4&#8243; back_color=\u00bbcolor-xsdn\u00bb overlay_alpha=\u00bb100&#8243; shift_x=\u00bb0&#8243; shift_y=\u00bb0&#8243; z_index=\u00bb0&#8243; medium_width=\u00bb3&#8243; css_animation=\u00bbzoom-in\u00bb animation_delay=\u00bb200&#8243; zoom_width=\u00bb0&#8243; zoom_height=\u00bb0&#8243; width=\u00bb1\/3&#8243; mobile_width_full=\u00bb\u00bb link_to=\u00bb||\u00bb][vc_icon icon=\u00bbfa fa-map-pin\u00bb icon_color=\u00bbaccent\u00bb size=\u00bbfa-4x\u00bb heading_semantic=\u00bbh4&#8243; text_font=\u00bbfont-762333&#8243; text_size=\u00bbh4&#8243; text_weight=\u00bb700&#8243; text_lead=\u00bbyes\u00bb text_reduced=\u00bbyes\u00bb title=\u00bbOFICINA\u00bb link=\u00bb||\u00bb]Carrer Corsega 284<br \/>\n08008 Barcelona[\/vc_icon][vc_button size=\u00bbbtn-link\u00bb border_width=\u00bb0&#8243; link=\u00bburl:https%3A%2F%2Fexpatconcierge.net%2Fes%2Fcontacto%2F|||\u00bb]Cita Previa[\/vc_button][\/vc_column_inner][vc_column_inner column_width_percent=\u00bb100&#8243; align_horizontal=\u00bbalign_center\u00bb gutter_size=\u00bb2&#8243; override_padding=\u00bbyes\u00bb column_padding=\u00bb4&#8243; back_color=\u00bbcolor-xsdn\u00bb overlay_alpha=\u00bb100&#8243; shift_x=\u00bb0&#8243; shift_y=\u00bb0&#8243; shift_y_down=\u00bb0&#8243; z_index=\u00bb0&#8243; medium_width=\u00bb3&#8243; mobile_width=\u00bb0&#8243; css_animation=\u00bbzoom-in\u00bb animation_delay=\u00bb400&#8243; zoom_width=\u00bb0&#8243; zoom_height=\u00bb0&#8243; width=\u00bb1\/3&#8243; mobile_width_full=\u00bb\u00bb][vc_icon icon=\u00bbfa fa-envelope2&#8243; icon_color=\u00bbaccent\u00bb size=\u00bbfa-4x\u00bb heading_semantic=\u00bbh4&#8243; text_font=\u00bbfont-762333&#8243; text_size=\u00bbh4&#8243; text_weight=\u00bb700&#8243; text_lead=\u00bbyes\u00bb text_reduced=\u00bbyes\u00bb title=\u00bbE-MAIL\u00bb]<a href=\"mailto:hola@bcnplugandplay.com\">hola@bcnplugandplay.com<\/a>[\/vc_icon][vc_button size=\u00bbbtn-link\u00bb border_width=\u00bb0&#8243; link=\u00bburl:https%3A%2F%2Fexpatconcierge.net%2Fes%2Fcontacto%2F|||\u00bb]Cont\u00e1ctenos[\/vc_button][\/vc_column_inner][vc_column_inner column_width_percent=\u00bb100&#8243; align_horizontal=\u00bbalign_center\u00bb gutter_size=\u00bb2&#8243; override_padding=\u00bbyes\u00bb column_padding=\u00bb4&#8243; back_color=\u00bbcolor-xsdn\u00bb overlay_alpha=\u00bb50&#8243; shift_x=\u00bb0&#8243; shift_y=\u00bb0&#8243; shift_y_down=\u00bb0&#8243; z_index=\u00bb0&#8243; medium_width=\u00bb3&#8243; mobile_width=\u00bb0&#8243; css_animation=\u00bbzoom-in\u00bb animation_delay=\u00bb600&#8243; width=\u00bb1\/3&#8243;][vc_icon icon=\u00bbfa fa-phone2&#8243; icon_color=\u00bbaccent\u00bb size=\u00bbfa-4x\u00bb heading_semantic=\u00bbh4&#8243; text_font=\u00bbfont-762333&#8243; text_size=\u00bbh4&#8243; text_weight=\u00bb700&#8243; text_lead=\u00bbyes\u00bb text_reduced=\u00bbyes\u00bb title=\u00bbT\u00c9L\u00c9PHONE\u00bb]+34 618 848 877[\/vc_icon][vc_button size=\u00bbbtn-link\u00bb border_width=\u00bb0&#8243; link=\u00bburl:https%3A%2F%2Fexpatconcierge.net%2Fes%2Fcontacto%2F|||\u00bb]\u00a1Le llamamos![\/vc_button][\/vc_column_inner][\/vc_row_inner][\/vc_column][\/vc_row]<\/p>\n<\/div>","protected":false},"excerpt":{"rendered":"<p>Si quieres hablar de c\u00f3mo trabajar con nosotros, saber m\u00e1s sobre la gama de servicios que ofrecemos, o simplemente quieres chatear, por favor ponte en contacto con nosotros.<\/p>\n","protected":false},"author":1,"featured_media":0,"parent":0,"menu_order":0,"comment_status":"open","ping_status":"closed","template":"","meta":{"footnotes":""},"yoast_head":"<!-- This site is optimized with the Yoast SEO plugin v23.0 - https:\/\/yoast.com\/wordpress\/plugins\/seo\/ -->\n<title>Instalaci\u00f3n y asistencia administrativa en Espa\u00f1a | Plug&amp;Play Barcelona<\/title>\n<meta name=\"description\" content=\"Extranjeros, familias, empresarios, contacte con Plug&amp;Play Barcelona, un servicio eficaz para ayudarle a establecerse en Espa\u00f1a.\" \/>\n<meta name=\"robots\" content=\"index, follow, max-snippet:-1, max-image-preview:large, max-video-preview:-1\" \/>\n<link rel=\"canonical\" href=\"https:\/\/expatconcierge.net\/es\/contacto\/\" \/>\n<meta property=\"og:locale\" content=\"es_ES\" \/>\n<meta property=\"og:type\" content=\"article\" \/>\n<meta property=\"og:title\" content=\"Instalaci\u00f3n y asistencia administrativa en Espa\u00f1a | Plug&amp;Play Barcelona\" \/>\n<meta property=\"og:description\" content=\"Extranjeros, familias, empresarios, contacte con Plug&amp;Play Barcelona, un servicio eficaz para ayudarle a establecerse en Espa\u00f1a.\" \/>\n<meta property=\"og:url\" content=\"https:\/\/expatconcierge.net\/es\/contacto\/\" \/>\n<meta property=\"og:site_name\" content=\"PLUG &amp; PLAY Barcelone\" \/>\n<meta property=\"article:modified_time\" content=\"2019-12-07T18:11:29+00:00\" \/>\n<meta name=\"twitter:card\" content=\"summary_large_image\" \/>\n<meta name=\"twitter:label1\" content=\"Tiempo de lectura\" \/>\n\t<meta name=\"twitter:data1\" content=\"4 minutos\" \/>\n<script type=\"application\/ld+json\" class=\"yoast-schema-graph\">{\"@context\":\"https:\/\/schema.org\",\"@graph\":[{\"@type\":\"WebPage\",\"@id\":\"https:\/\/expatconcierge.net\/es\/contacto\/\",\"url\":\"https:\/\/expatconcierge.net\/es\/contacto\/\",\"name\":\"Instalaci\u00f3n y asistencia administrativa en Espa\u00f1a | Plug&Play Barcelona\",\"isPartOf\":{\"@id\":\"https:\/\/expatconcierge.net\/es\/#website\"},\"datePublished\":\"2019-03-13T20:35:36+00:00\",\"dateModified\":\"2019-12-07T18:11:29+00:00\",\"description\":\"Extranjeros, familias, empresarios, contacte con Plug&Play Barcelona, un servicio eficaz para ayudarle a establecerse en Espa\u00f1a.\",\"breadcrumb\":{\"@id\":\"https:\/\/expatconcierge.net\/es\/contacto\/#breadcrumb\"},\"inLanguage\":\"es\",\"potentialAction\":[{\"@type\":\"ReadAction\",\"target\":[\"https:\/\/expatconcierge.net\/es\/contacto\/\"]}]},{\"@type\":\"BreadcrumbList\",\"@id\":\"https:\/\/expatconcierge.net\/es\/contacto\/#breadcrumb\",\"itemListElement\":[{\"@type\":\"ListItem\",\"position\":1,\"name\":\"Accueil\",\"item\":\"https:\/\/expatconcierge.net\/es\/\"},{\"@type\":\"ListItem\",\"position\":2,\"name\":\"Contacto\"}]},{\"@type\":\"WebSite\",\"@id\":\"https:\/\/expatconcierge.net\/es\/#website\",\"url\":\"https:\/\/expatconcierge.net\/es\/\",\"name\":\"PLUG &amp; PLAY Barcelone\",\"description\":\"Expat Concierge\",\"potentialAction\":[{\"@type\":\"SearchAction\",\"target\":{\"@type\":\"EntryPoint\",\"urlTemplate\":\"https:\/\/expatconcierge.net\/es\/?s={search_term_string}\"},\"query-input\":\"required name=search_term_string\"}],\"inLanguage\":\"es\"}]}<\/script>\n<!-- \/ Yoast SEO plugin. -->","yoast_head_json":{"title":"Instalaci\u00f3n y asistencia administrativa en Espa\u00f1a | Plug&Play Barcelona","description":"Extranjeros, familias, empresarios, contacte con Plug&Play Barcelona, un servicio eficaz para ayudarle a establecerse en Espa\u00f1a.","robots":{"index":"index","follow":"follow","max-snippet":"max-snippet:-1","max-image-preview":"max-image-preview:large","max-video-preview":"max-video-preview:-1"},"canonical":"https:\/\/expatconcierge.net\/es\/contacto\/","og_locale":"es_ES","og_type":"article","og_title":"Instalaci\u00f3n y asistencia administrativa en Espa\u00f1a | Plug&Play Barcelona","og_description":"Extranjeros, familias, empresarios, contacte con Plug&Play Barcelona, un servicio eficaz para ayudarle a establecerse en Espa\u00f1a.","og_url":"https:\/\/expatconcierge.net\/es\/contacto\/","og_site_name":"PLUG &amp; PLAY Barcelone","article_modified_time":"2019-12-07T18:11:29+00:00","twitter_card":"summary_large_image","twitter_misc":{"Tiempo de lectura":"4 minutos"},"schema":{"@context":"https:\/\/schema.org","@graph":[{"@type":"WebPage","@id":"https:\/\/expatconcierge.net\/es\/contacto\/","url":"https:\/\/expatconcierge.net\/es\/contacto\/","name":"Instalaci\u00f3n y asistencia administrativa en Espa\u00f1a | Plug&Play Barcelona","isPartOf":{"@id":"https:\/\/expatconcierge.net\/es\/#website"},"datePublished":"2019-03-13T20:35:36+00:00","dateModified":"2019-12-07T18:11:29+00:00","description":"Extranjeros, familias, empresarios, contacte con Plug&Play Barcelona, un servicio eficaz para ayudarle a establecerse en Espa\u00f1a.","breadcrumb":{"@id":"https:\/\/expatconcierge.net\/es\/contacto\/#breadcrumb"},"inLanguage":"es","potentialAction":[{"@type":"ReadAction","target":["https:\/\/expatconcierge.net\/es\/contacto\/"]}]},{"@type":"BreadcrumbList","@id":"https:\/\/expatconcierge.net\/es\/contacto\/#breadcrumb","itemListElement":[{"@type":"ListItem","position":1,"name":"Accueil","item":"https:\/\/expatconcierge.net\/es\/"},{"@type":"ListItem","position":2,"name":"Contacto"}]},{"@type":"WebSite","@id":"https:\/\/expatconcierge.net\/es\/#website","url":"https:\/\/expatconcierge.net\/es\/","name":"PLUG &amp; PLAY Barcelone","description":"Expat Concierge","potentialAction":[{"@type":"SearchAction","target":{"@type":"EntryPoint","urlTemplate":"https:\/\/expatconcierge.net\/es\/?s={search_term_string}"},"query-input":"required name=search_term_string"}],"inLanguage":"es"}]}},"_links":{"self":[{"href":"https:\/\/expatconcierge.net\/es\/wp-json\/wp\/v2\/pages\/74205"}],"collection":[{"href":"https:\/\/expatconcierge.net\/es\/wp-json\/wp\/v2\/pages"}],"about":[{"href":"https:\/\/expatconcierge.net\/es\/wp-json\/wp\/v2\/types\/page"}],"author":[{"embeddable":true,"href":"https:\/\/expatconcierge.net\/es\/wp-json\/wp\/v2\/users\/1"}],"replies":[{"embeddable":true,"href":"https:\/\/expatconcierge.net\/es\/wp-json\/wp\/v2\/comments?post=74205"}],"version-history":[{"count":0,"href":"https:\/\/expatconcierge.net\/es\/wp-json\/wp\/v2\/pages\/74205\/revisions"}],"wp:attachment":[{"href":"https:\/\/expatconcierge.net\/es\/wp-json\/wp\/v2\/media?parent=74205"}],"curies":[{"name":"wp","href":"https:\/\/api.w.org\/{rel}","templated":true}]}}